{"id":7947,"date":"2019-01-05T11:31:40","date_gmt":"2019-01-05T11:31:40","guid":{"rendered":"http:\/\/menessdiena.lv\/lv\/?page_id=7947"},"modified":"2019-01-05T11:44:34","modified_gmt":"2019-01-05T11:44:34","slug":"sikdatnes","status":"publish","type":"page","link":"https:\/\/menessdiena.lv\/lv\/sikdatnes\/","title":{"rendered":"S\u012bkdatnes"},"content":{"rendered":"<p>Lai \u0161\u012b vietne pien\u0101c\u012bgi darbotos, m\u0113s j\u016bsu ier\u012bc\u0113 izvietojam s\u012bkdatnes (cookies). T\u0101pat dara ar\u012b liel\u0101k\u0101 da\u013ca citu t\u012bmek\u013ca viet\u0146u.<\/p>\n<h2>Kas ir s\u012bkdatnes?<\/h2>\n<p>S\u012bkdatne ir neliela teksta datne, ko t\u012bmek\u013ca vietne saglab\u0101 j\u016bsu dator\u0101 vai mobilaj\u0101 ier\u012bc\u0113, kad j\u016bs atverat vietni. T\u0101 vietnei pal\u012bdz atcer\u0113ties j\u016bsu pieteikumv\u0101rdu un iestat\u012bjumus (piem\u0113ram, valodu, fontu izm\u0113ru u.c. att\u0113lo\u0161anas iestat\u012bjumus), ar k\u0101diem esat izv\u0113l\u0113jies vietni skat\u012bt, lai katru reizi jums tie neb\u016btu j\u0101nor\u0101da no jauna.<\/p>\n<h2>K\u0101 m\u0113s s\u012bkdatnes izmantojam?<\/h2>\n<p>Vair\u0101k\u0101s m\u016bsu lap\u0101s tiek izmantotas s\u012bkdatnes, lai atcer\u0113tos<\/p>\n<ul>\n<li>j\u016bsu ekr\u0101na iestat\u012bjumus, piem\u0113ram, par\u0101d\u0101mo kr\u0101sas kontrastu vai teksta\u00a0 lielumu,<\/li>\n<li>vai esat jau atbild\u0113jies uz uznirsto\u0161o aptaujas jaut\u0101jumu par to, vai vietnes saturs jums noder\u0113ja (lai tad \u0161o jaut\u0101jumu vairs jums ner\u0101d\u012btu),<\/li>\n<li>vai esat jau piekritis (vai nepiekritis) tam, ka m\u0113s \u0161aj\u0101 vietn\u0113 izmantojam s\u012bkdatnes.<\/li>\n<\/ul>\n<p>\u0160\u012bs s\u012bkdatnes nav oblig\u0101ti j\u0101iesp\u0113jo, t\u0101s ir iesp\u0113jams dz\u0113st vai blo\u0137\u0113t, bet t\u0101d\u0101 gad\u012bjum\u0101 atsevi\u0161\u0137as \u0161\u012bs vietnes iesp\u0113jas var nedarboties, k\u0101 n\u0101kas.<\/p>\n<p>Ar s\u012bkdatn\u0113m saist\u012bt\u0101 inform\u0101cija\u00a0netiek izmantota, lai j\u016bs\u00a0personiski\u00a0identific\u0113tu un dati par j\u016bsu navig\u0101ciju ir m\u016bsu kontrol\u0113. \u0160\u012bs s\u012bkdatnes tiek izmantotas tikai un vien\u012bgi tam m\u0113r\u0137im, kas nor\u0101d\u012bts \u0161eit.<\/p>\n<h2>Vai m\u0113s izmantojam citas s\u012bkdatnes?<\/h2>\n<p>Da\u017e\u0101d\u0101s m\u016bsu vietnes lap\u0101s var tikt izmantotas at\u0161\u0137ir\u012bgas s\u012bkdatnes.<\/p>\n<h2>K\u0101 var kontrol\u0113t s\u012bkdatnes?<\/h2>\n<p>P\u0113c v\u0113l\u0113\u0161an\u0101s varat\u00a0s\u012bkdatnes kontrol\u0113t un izdz\u0113st. Pla\u0161\u0101k lasiet \u0161eit:\u00a0<a href=\"http:\/\/www.aboutcookies.org\/\">aboutcookies.org<\/a>. Varat izdz\u0113st visas s\u012bkdatnes, kuras ir j\u016bsu dator\u0101, un liel\u0101ko da\u013cu p\u0101rl\u016bkprogrammu var iestat\u012bt t\u0101, lai tiktu blo\u0137\u0113ta s\u012bkdat\u0146u ievieto\u0161ana dator\u0101. Ta\u010du t\u0101d\u0101 gad\u012bjum\u0101 jums b\u016bs pa\u0161roc\u012bgi j\u0101piel\u0101go da\u017ei iestat\u012bjumi ikreiz, kad apmekl\u0113siet vietni, un varb\u016bt nedarbosies da\u017ei pakalpojumi un funkcijas.<\/p>\n<h2><a href=\"https:\/\/menessdiena.lv\/lv\/privatuma-politika\/\">Priv\u0101tuma politika<\/a><\/h2>\n","protected":false},"excerpt":{"rendered":"<p>Lai \u0161\u012b vietne pien\u0101c\u012bgi darbotos, m\u0113s j\u016bsu ier\u012bc\u0113 izvietojam s\u012bkdatnes (cookies). T\u0101pat dara ar\u012b liel\u0101k\u0101 da\u013ca citu t\u012bmek\u013ca viet\u0146u. Kas ir s\u012bkdatnes? S\u012bkdatne ir neliela teksta datne, ko t\u012bmek\u013ca vietne saglab\u0101 j\u016bsu dator\u0101 vai mobilaj\u0101 ier\u012bc\u0113, kad j\u016bs atverat vietni. T\u0101 vietnei pal\u012bdz atcer\u0113ties j\u016bsu pieteikumv\u0101rdu un iestat\u012bjumus (piem\u0113ram, valodu, fontu izm\u0113ru u.c. att\u0113lo\u0161anas iestat\u012bjumus), [&hellip;]<\/p>\n","protected":false},"author":1,"featured_media":0,"parent":0,"menu_order":0,"comment_status":"closed","ping_status":"closed","template":"","meta":{"footnotes":""},"class_list":["post-7947","page","type-page","status-publish","hentry"],"_links":{"self":[{"href":"https:\/\/menessdiena.lv\/lv\/wp-json\/wp\/v2\/pages\/7947","targetHints":{"allow":["GET"]}}],"collection":[{"href":"https:\/\/menessdiena.lv\/lv\/wp-json\/wp\/v2\/pages"}],"about":[{"href":"https:\/\/menessdiena.lv\/lv\/wp-json\/wp\/v2\/types\/page"}],"author":[{"embeddable":true,"href":"https:\/\/menessdiena.lv\/lv\/wp-json\/wp\/v2\/users\/1"}],"replies":[{"embeddable":true,"href":"https:\/\/menessdiena.lv\/lv\/wp-json\/wp\/v2\/comments?post=7947"}],"version-history":[{"count":0,"href":"https:\/\/menessdiena.lv\/lv\/wp-json\/wp\/v2\/pages\/7947\/revisions"}],"wp:attachment":[{"href":"https:\/\/menessdiena.lv\/lv\/wp-json\/wp\/v2\/media?parent=7947"}],"curies":[{"name":"wp","href":"https:\/\/api.w.org\/{rel}","templated":true}]}}