{"id":7946,"date":"2019-01-05T10:44:40","date_gmt":"2019-01-05T10:44:40","guid":{"rendered":"http:\/\/menessdiena.lv\/lv\/?page_id=7946"},"modified":"2019-01-05T11:44:00","modified_gmt":"2019-01-05T11:44:00","slug":"privatuma-politika","status":"publish","type":"page","link":"https:\/\/menessdiena.lv\/lv\/privatuma-politika\/","title":{"rendered":"Priv\u0101tuma politika"},"content":{"rendered":"<h2><span lang=\"LV\">Personas datu apstr\u0101des p\u0101rzinis un p\u0101rzi\u0146a kontaktinform\u0101cija:<\/span><\/h2>\n<p><span lang=\"LV\">SIA \u201cM\u0113ness diena\u201d, re\u0123.Nr. 40103739386<br \/>Juridisk\u0101 adrese: Lielirbes iela 17A, R\u012bga, LV-1046<br \/>e-pasts: info@menessdiena.lv<\/span><\/p>\n<h2><span lang=\"LV\">Personas datu apstr\u0101des nol\u016bki:<\/span><\/h2>\n<p><!-- [if !supportLists]--><span lang=\"LV\">1.\u00a0\u00a0\u00a0\u00a0\u00a0 <\/span><!--[endif]--><span lang=\"LV\">T\u016brisma pakalpojumu snieg\u0161ana. Personas datu apstr\u0101des juridiskais pamats &#8211; l\u012bgumisko un likumisko saist\u012bbu izpilde:<\/span><\/p>\n<p style=\"padding-left: 30px;\"><!-- [if !supportLists]--><span lang=\"LV\">1.1.\u00a0\u00a0 <\/span><!--[endif]--><span lang=\"LV\">Klienta un t\u016bristu identific\u0113\u0161anai.<br \/><\/span><!-- [if !supportLists]--><span lang=\"LV\">1.2.\u00a0\u00a0 <\/span><!--[endif]--><span lang=\"LV\">L\u012bguma sagatavo\u0161anai un nosl\u0113g\u0161anai.<br \/><\/span><!-- [if !supportLists]--><span lang=\"LV\">1.3.\u00a0\u00a0 <\/span><!--[endif]--><span lang=\"LV\">T\u016brisma pakalpojumu snieg\u0161anas nodro\u0161in\u0101\u0161anai.<br \/><\/span><!-- [if !supportLists]--><span lang=\"LV\">1.4.\u00a0\u00a0 <\/span><!--[endif]--><span lang=\"LV\">Apdro\u0161in\u0101\u0161anas poli\u0161u noform\u0113\u0161anai.<br \/><\/span><!-- [if !supportLists]--><span lang=\"LV\">1.5.\u00a0\u00a0 <\/span><!--[endif]--><span lang=\"LV\">V\u012bzu noform\u0113\u0161anai.<br \/><\/span><!-- [if !supportLists]--><span lang=\"LV\">1.6.\u00a0\u00a0 <\/span><!--[endif]--><span lang=\"LV\">Iesniegumu un pretenziju izskat\u012b\u0161anai.<br \/><\/span><!-- [if !supportLists]--><span lang=\"LV\">1.7.\u00a0\u00a0 <\/span><!--[endif]--><span lang=\"LV\">Nor\u0113\u0137inu administr\u0113\u0161anai.<br \/><\/span><!-- [if !supportLists]--><span lang=\"LV\">1.8.\u00a0\u00a0 <\/span><!--[endif]--><span lang=\"LV\">Gr\u0101matved\u012bbas atskai\u0161u sagatavo\u0161anai.<br \/><\/span><!-- [if !supportLists]--><span lang=\"LV\">1.9.\u00a0\u00a0 <\/span><!--[endif]--><span lang=\"LV\">Par\u0101du atg\u016b\u0161anai un piedzi\u0146ai.<\/span><\/p>\n<p><!-- [if !supportLists]--><span lang=\"LV\">2.\u00a0\u00a0\u00a0\u00a0\u00a0 <\/span><!--[endif]--><span lang=\"LV\">Komerci\u0101lo pazi\u0146ojumu nos\u016bt\u012b\u0161anai ar klienta piekri\u0161anu.<\/span><\/p>\n<p><!-- [if !supportLists]--><span lang=\"LV\">3.\u00a0\u00a0\u00a0\u00a0\u00a0 <\/span><!--[endif]--><span lang=\"LV\">Inform\u0101cijas snieg\u0161anai valsts un pa\u0161vald\u012bbas iest\u0101d\u0113m ties\u012bbu normat\u012bvajos aktos noteiktajos gad\u012bjumos. <\/span><\/p>\n<h2><span lang=\"LV\">Personas datu sa\u0146\u0113m\u0113ju kategorijas:<\/span><\/h2>\n<p><!-- [if !supportLists]--><span lang=\"LV\">1.\u00a0\u00a0\u00a0\u00a0\u00a0 <\/span><!--[endif]--><span lang=\"LV\">Ce\u013cojumu pakalpojumu sniedz\u0113ji, piem\u0113ram &#8211; SIA \u201cM\u0113ness diena\u201d darbinieki, ce\u013cojumu vairumtirgot\u0101ji, ce\u013cojumu r\u012bkot\u0101ji, aviokomp\u0101nijas, viesn\u012bcas, automa\u0161\u012bnu nomas uz\u0146\u0113mumi, transf\u0113ru pakalpojumu sniedz\u0113ju uz\u0146\u0113mumi, ekskursiju pakalpojumu sniedz\u0113ji (tai skait\u0101 ar\u012b gidi) un citi saist\u012bti t\u016brisma pakalpojumu sniedz\u0113ji.<\/span><\/p>\n<p><!-- [if !supportLists]--><span lang=\"LV\">2.\u00a0\u00a0\u00a0\u00a0\u00a0 <\/span><!--[endif]--><span lang=\"LV\">V\u0113stniec\u012bbas un konsul\u0101rie departamenti.<\/span><\/p>\n<p><!-- [if !supportLists]--><span lang=\"LV\">3.\u00a0\u00a0\u00a0\u00a0\u00a0 <\/span><!--[endif]--><span lang=\"LV\">Persona, kas veic ce\u013cojumu rezerv\u0113\u0161anu t\u016brista v\u0101rd\u0101, ja t\u016brists ce\u013co ar rezerv\u0101ciju, kuru vi\u0146a v\u0101rd\u0101 veic cita persona (piem\u0113ram, \u0123imenes loceklis, draugs vai kol\u0113\u0123is).<\/span><\/p>\n<p><!-- [if !supportLists]--><span lang=\"LV\">4.\u00a0\u00a0\u00a0\u00a0\u00a0 <\/span><!--[endif]--><span lang=\"LV\">Darba dev\u0113js, ja t\u016brists ir k\u0101da uz\u0146\u0113muma darbinieks, un t\u016brists dodas komand\u0113jum\u0101 vai darba braucien\u0101.<\/span><\/p>\n<p><!-- [if !supportLists]--><span lang=\"LV\">5.\u00a0\u00a0\u00a0\u00a0\u00a0 <\/span><!--[endif]--><span lang=\"LV\">Tre\u0161\u0101s personas ar kur\u0101m SIA \u201cM\u0113ness diena\u201d ir nosl\u0113gusi pakalpojumu snieg\u0161anas l\u012bgumus, piem\u0113ram &#8211; kred\u012btiest\u0101des, inform\u0101cijas tehnolo\u0123iju pakalpojumu sniedz\u0113ji, gr\u0101matved\u012bbas pakalpojumu sniedz\u0113ji, juridisko pakalpojumu sniedz\u0113ji, pasta iest\u0101des, kurjera pakalpojumu sniedz\u0113ji un citi saist\u012bti pakalpojumu sniedz\u0113ji, kas nodro\u0161ina SIA \u201cM\u0113ness diena\u201d uz\u0146\u0113m\u0113jdarb\u012bbu.<\/span><\/p>\n<p><!-- [if !supportLists]--><span lang=\"LV\">6.\u00a0\u00a0\u00a0\u00a0\u00a0 <\/span><!--[endif]--><span lang=\"LV\">Ties\u012bbu normat\u012bvajos aktos noteikt\u0101s personas p\u0113c \u0161o personu pamatota piepras\u012bjuma noteiktaj\u0101 k\u0101rt\u012bb\u0101 un apm\u0113r\u0101.<\/span><\/p>\n<p><!-- [if !supportLists]--><span lang=\"LV\">7.\u00a0\u00a0\u00a0\u00a0\u00a0 <\/span><!--[endif]--><span lang=\"LV\">Ties\u012bbu normat\u012bvajos aktos noteiktos gad\u012bjumos SIA \u201cM\u0113ness diena\u201d likum\u012bgo intere\u0161u aizsardz\u012bbai, piem\u0113ram &#8211; v\u0113r\u0161oties ties\u0101 vai cit\u0101s valsts,\u00a0 vai pa\u0161vald\u012bbu instit\u016bcij\u0101s pret personu, kura ir aizsk\u0101rusi SIA \u201cM\u0113ness diena\u201d likum\u012bg\u0101s intereses.<\/span><\/p>\n<h2><span lang=\"LV\">Personas datu nos\u016bt\u012b\u0161ana uz tre\u0161aj\u0101m valst\u012bm<\/span><\/h2>\n<p><!-- [if !supportLists]--><span lang=\"LV\">1.\u00a0\u00a0\u00a0\u00a0\u00a0 <\/span><!--[endif]--><span lang=\"LV\">SIA \u201cM\u0113ness diena\u201d nos\u016bta t\u016bristu personas datus uz tre\u0161aj\u0101m valst\u012bm, ja tas ir nepiecie\u0161ams l\u012bgumsaist\u012bbu izpildei.<\/span><\/p>\n<p><!-- [if !supportLists]--><span lang=\"LV\">2.\u00a0\u00a0\u00a0\u00a0\u00a0 <\/span><!--[endif]--><span lang=\"LV\">SIA \u201cM\u0113ness diena\u201d nos\u016bta t\u016bristu personas datus uz tre\u0161aj\u0101m valst\u012bm tikai t\u0101d\u0101 apm\u0113r\u0101, k\u0101ds nepiecie\u0161ams, lai nodro\u0161in\u0101tu l\u012bgumsaist\u012bbu izpildi.<\/span><\/p>\n<p><!-- [if !supportLists]--><span lang=\"LV\">3.\u00a0\u00a0\u00a0\u00a0\u00a0 <\/span><!--[endif]--><span lang=\"LV\">SIA \u201cM\u0113ness diena\u201d inform\u0113, ka nododot t\u016bristu personas datus uz ES un EEZ valst\u012bm, Izra\u0113las Valsts teritoriju, Andoru, Argent\u012bnu, D\u017eersiju, F\u0113ru sal\u0101m, G\u0113rnsiju, Kan\u0101du, Menas salu, \u0160veici un Amerikas Savienoto Valstu organiz\u0101cij\u0101m, kas ir apliecin\u0101ju\u0161as Amerikas Savienoto Valstu Tirdzniec\u012bbas ministrijai savu principialit\u0101ti un ap\u0146\u0113mu\u0161\u0101s iev\u0113rot Eiropas Komisijas noteiktos principus, nodro\u0161ina t\u0101du datu aizsardz\u012bbas pak\u0101pi, kas atbilst attiec\u012bgajai Latvij\u0101 sp\u0113k\u0101 eso\u0161ajai datu aizsardz\u012bbas pak\u0101pei. <\/span><\/p>\n<h2><span lang=\"LV\">Klientu un\u00a0 t\u016bristu ties\u012bbas:<\/span><\/h2>\n<p><!-- [if !supportLists]--><span lang=\"LV\">1.\u00a0\u00a0\u00a0\u00a0\u00a0 <\/span><!--[endif]--><span lang=\"LV\">Klientam un\/vai t\u016bristiem, iev\u0113rojot sp\u0113k\u0101 eso\u0161os ties\u012bbu normat\u012bvos aktus, ir ties\u012bbas piepras\u012bt SIA \u201cM\u0113ness diena\u201d piek\u013cuvi saviem personas datiem, lai p\u0101rliecin\u0101tos par to pareiz\u012bbu, piepras\u012btu to labo\u0161anu vai dz\u0113\u0161anu, vai apstr\u0101des ierobe\u017eo\u0161anu attiec\u012bb\u0101 uz vi\u0146u, vai ties\u012bbas iebilst pret apstr\u0101di, k\u0101 ar\u012b ties\u012bbas uz datu p\u0101rnesam\u012bbu. Klientam un\/vai t\u016bristiem ir ties\u012bbas piepras\u012bt un sa\u0146emt no SIA \u201cM\u0113ness diena\u201d datu kopiju, k\u0101 ar\u012b inform\u0101ciju par to, kam un kur ir nos\u016bt\u012bti personas dati.<\/span><\/p>\n<p><!-- [if !supportLists]--><span lang=\"LV\">2.\u00a0\u00a0\u00a0\u00a0\u00a0 <\/span><!--[endif]--><span lang=\"LV\">Klientam un\/vai t\u016bristiem ir ties\u012bbas iesniegt piepras\u012bjumu SIA \u201cM\u0113ness diena\u201d par savu ties\u012bbu \u012bsteno\u0161anu l\u012bdz br\u012bdim, kam\u0113r ties\u012bbu normat\u012bvajos aktos noteiktaj\u0101 k\u0101rt\u012bb\u0101 SIA \u201cM\u0113ness diena\u201d vai klients un\/vai t\u016bristi var realiz\u0113t savas likum\u0101 noteikt\u0101s tiesisk\u0101s intereses:<\/span><\/p>\n<p style=\"padding-left: 30px;\"><!-- [if !supportLists]--><span lang=\"LV\">2.1.\u00a0\u00a0 <\/span><!--[endif]--><span lang=\"LV\">ierodoties kl\u0101tien\u0113 SIA \u201cM\u0113ness diena\u201d juridiskaj\u0101 adres\u0113, uzr\u0101dot sp\u0113k\u0101 eso\u0161u personu apliecino\u0161u dokumentu,<br \/><\/span><!-- [if !supportLists]--><span lang=\"LV\">2.2.\u00a0\u00a0 <\/span><!--[endif]--><span lang=\"LV\">nos\u016btot piepras\u012bjumu elektroniski uz SIA \u201cM\u0113ness diena\u201d nor\u0101d\u012bto e-pasta adresi, parakstot pieteikumu ar dro\u0161u elektronisko parakstu.<\/span><\/p>\n<p><!-- [if !supportLists]--><span lang=\"LV\">3.\u00a0\u00a0\u00a0\u00a0\u00a0 <\/span><!--[endif]--><span lang=\"LV\">Klientam un\/vai t\u016bristiem ir pien\u0101kums savlaic\u012bgi sniegt inform\u0101ciju par savu personas datu mai\u0146u un piepras\u012bt to labo\u0161anu, piem\u0113ram &#8211; neinform\u0113jot SIA \u201cM\u0113ness diena\u201d par uzv\u0101rda mai\u0146u, SIA \u201cM\u0113ness diena\u201d nevar nodro\u0161in\u0101t klientu un\/vai t\u016bristus ar uz\u0146emto saist\u012bbu izpildi. Gad\u012bjum\u0101, ja klients un\/vai t\u016bristi nav savlaic\u012bgi inform\u0113ju\u0161i SIA \u201cM\u0113ness diena\u201d par personas datu mai\u0146u, SIA \u201cM\u0113ness diena\u201d nenes atbild\u012bbu par klientam un\/vai t\u016bristiem rad\u012btajiem zaud\u0113jumiem.<\/span><\/p>\n<p><!-- [if !supportLists]--><span lang=\"LV\">4.\u00a0\u00a0\u00a0\u00a0\u00a0 <\/span><!--[endif]--><span lang=\"LV\">SIA \u201cM\u0113ness diena\u201d p\u0113c klienta un\/vai t\u016bristu piepras\u012bjuma sa\u0146em\u0161anas p\u0101rliecin\u0101s par piepras\u012bt\u0101ja identit\u0101ti, izv\u0113rt\u0113 piepras\u012bjumu un veic t\u0101 izpildi ties\u012bbu normat\u012bvajos aktos noteiktaj\u0101 k\u0101rt\u012bb\u0101.<\/span><\/p>\n<p><!-- [if !supportLists]--><span lang=\"LV\">5.\u00a0\u00a0\u00a0\u00a0\u00a0 <\/span><!--[endif]--><span lang=\"LV\">SIA \u201cM\u0113ness diena\u201d sniedz rakstveida atbildi klientam un\/vai t\u016bristiem p\u0113c piepras\u012bt\u0101ja izv\u0113les vien\u0101 no zem\u0101k nor\u0101d\u012btajiem atbildes sa\u0146em\u0161anas veidiem:<\/span><\/p>\n<p style=\"padding-left: 30px;\"><!-- [if !supportLists]--><span lang=\"LV\">5.1.\u00a0\u00a0 <\/span><!--[endif]--><span lang=\"LV\">piepras\u012bt\u0101jam ierodoties kl\u0101tien\u0113, uzr\u0101dot personu apliecino\u0161u dokumentu,<br \/><\/span><!-- [if !supportLists]--><span lang=\"LV\">5.2.\u00a0\u00a0 <\/span><!--[endif]--><span lang=\"LV\">uz piepras\u012bjum\u0101 nor\u0101d\u012bto piepras\u012bt\u0101ja korespondences adresi ierakst\u012bt\u0101 pasta s\u016bt\u012bjum\u0101,<br \/><\/span><!-- [if !supportLists]--><span lang=\"LV\">5.3.\u00a0\u00a0 <\/span><!--[endif]--><span lang=\"LV\">nos\u016btot atbildi elektroniski uz piepras\u012bt\u0101ja nor\u0101d\u012bto e-pasta adresi, parakstot atbildes v\u0113stuli ar dro\u0161u elektronisko parakstu.<\/span><\/p>\n<p><!-- [if !supportLists]--><span lang=\"LV\">6.\u00a0\u00a0\u00a0\u00a0\u00a0 <\/span><!--[endif]--><span lang=\"LV\">SIA \u201cM\u0113ness diena\u201d nodro\u0161ina datu apstr\u0101des un aizsardz\u012bbas pras\u012bbu izpildi saska\u0146\u0101 ar ties\u012bbu normat\u012bvajiem aktiem. Klienta un\/vai t\u016bristu pretenziju gad\u012bjum\u0101 SIA \u201cM\u0113ness diena\u201d veic visas nepiecie\u0161am\u0101s darb\u012bbas, lai nov\u0113rstu radu\u0161\u0101s pamatot\u0101s pretenzijas. Ja pus\u0113m neizdodas rast savstarp\u0113ju risin\u0101jumu, klientam un\/vai t\u016bristiem ir ties\u012bbas par SIA \u201cM\u0113ness diena\u201d veikto personas datu aizsardz\u012bbas apstr\u0101di v\u0113rsties uzraudz\u012bbas iest\u0101d\u0113 \u2013 Datu valsts inspekcij\u0101.<\/span><\/p>\n<h2><span lang=\"LV\">Personas datu glab\u0101\u0161anas ilgums<\/span><\/h2>\n<p><!-- [if !supportLists]--><span lang=\"LV\">1.\u00a0\u00a0\u00a0\u00a0\u00a0 <\/span><!--[endif]--><span lang=\"LV\">SIA \u201cM\u0113ness diena\u201d glab\u0101 un apstr\u0101d\u0101 klienta un\/vai t\u016bristu personas datus:<\/span><\/p>\n<p style=\"padding-left: 30px;\"><!-- [if !supportLists]--><span lang=\"LV\">1.1.\u00a0\u00a0 <\/span><!--[endif]--><span lang=\"LV\">kam\u0113r ties\u012bbu normat\u012bvajos aktos noteiktaj\u0101 k\u0101rt\u012bb\u0101 SIA \u201cM\u0113ness diena\u201d vai klients var realiz\u0113t savas likum\u0101 noteikt\u0101s tiesisk\u0101s intereses,<br \/><\/span><!-- [if !supportLists]--><span lang=\"LV\">1.2.\u00a0\u00a0 <\/span><!--[endif]--><span lang=\"LV\">saska\u0146\u0101 ar likuma \u201cPar gr\u0101matved\u012bbu\u201d 10.pantu 5 (piecus) gadus,<\/span><!-- [if !supportLists]--><span lang=\"LV\">1.3.\u00a0\u00a0 <\/span><!--[endif]--><span lang=\"LV\">kam\u0113r ir sp\u0113k\u0101 klienta piekri\u0161ana attiec\u012bgai personas datu apstr\u0101dei, ja nepast\u0101v cits datu apstr\u0101des likum\u012bgs pamats.<\/span><\/p>\n<p><!-- [if !supportLists]--><span lang=\"LV\">2.\u00a0\u00a0\u00a0\u00a0\u00a0 <\/span><!--[endif]--><span lang=\"LV\">Izbeidzoties iepriek\u0161 min\u0113tajiem apst\u0101k\u013ciem, klienta un t\u016bristu personas dati tiek dz\u0113sti.<\/span><\/p>\n<h2><span lang=\"LV\">Inform\u0101cijai<\/span><\/h2>\n<p><!-- [if !supportLists]--><span lang=\"LV\">1.\u00a0\u00a0\u00a0\u00a0\u00a0 <\/span><!--[endif]--><span lang=\"LV\">Personas datu snieg\u0161ana ir priek\u0161nosac\u012bjums, lai nosl\u0113gtu t\u016brisma pakalpojuma l\u012bgumu saska\u0146\u0101 ar normat\u012bvajiem aktiem.<\/span><\/p>\n<p><!-- [if !supportLists]--><span lang=\"LV\">2.\u00a0\u00a0\u00a0\u00a0\u00a0 <\/span><!--[endif]--><span lang=\"LV\">Personas datu nesnieg\u0161anas gad\u012bjum\u0101 SIA \u201cM\u0113ness diena\u201d nevar nodro\u0161in\u0101t t\u016brisma pakalpojumu snieg\u0161anu klientam un\/vai t\u016bristiem.<\/span><\/p>\n<p><!-- [if !supportLists]--><span lang=\"LV\">3.\u00a0\u00a0\u00a0\u00a0\u00a0 <\/span><!--[endif]--><span lang=\"LV\">T\u016broperators, veicot t\u016bristu personas datu apstr\u0101di, iev\u0113ro normat\u012bvos aktus priv\u0101tuma un datu apstr\u0101des jom\u0101.<\/span><\/p>\n<h2><a href=\"https:\/\/menessdiena.lv\/lv\/sikdatnes\/\">S\u012bkdatnes<\/a><\/h2>\n","protected":false},"excerpt":{"rendered":"<p>Personas datu apstr\u0101des p\u0101rzinis un p\u0101rzi\u0146a kontaktinform\u0101cija: SIA \u201cM\u0113ness diena\u201d, re\u0123.Nr. 40103739386Juridisk\u0101 adrese: Lielirbes iela 17A, R\u012bga, LV-1046e-pasts: info@menessdiena.lv Personas datu apstr\u0101des nol\u016bki: 1.\u00a0\u00a0\u00a0\u00a0\u00a0 T\u016brisma pakalpojumu snieg\u0161ana. Personas datu apstr\u0101des juridiskais pamats &#8211; l\u012bgumisko un likumisko saist\u012bbu izpilde: 1.1.\u00a0\u00a0 Klienta un t\u016bristu identific\u0113\u0161anai.1.2.\u00a0\u00a0 L\u012bguma sagatavo\u0161anai un nosl\u0113g\u0161anai.1.3.\u00a0\u00a0 T\u016brisma pakalpojumu snieg\u0161anas nodro\u0161in\u0101\u0161anai.1.4.\u00a0\u00a0 Apdro\u0161in\u0101\u0161anas poli\u0161u noform\u0113\u0161anai.1.5.\u00a0\u00a0 V\u012bzu [&hellip;]<\/p>\n","protected":false},"author":1,"featured_media":0,"parent":0,"menu_order":0,"comment_status":"closed","ping_status":"closed","template":"","meta":{"footnotes":""},"class_list":["post-7946","page","type-page","status-publish","hentry"],"_links":{"self":[{"href":"https:\/\/menessdiena.lv\/lv\/wp-json\/wp\/v2\/pages\/7946","targetHints":{"allow":["GET"]}}],"collection":[{"href":"https:\/\/menessdiena.lv\/lv\/wp-json\/wp\/v2\/pages"}],"about":[{"href":"https:\/\/menessdiena.lv\/lv\/wp-json\/wp\/v2\/types\/page"}],"author":[{"embeddable":true,"href":"https:\/\/menessdiena.lv\/lv\/wp-json\/wp\/v2\/users\/1"}],"replies":[{"embeddable":true,"href":"https:\/\/menessdiena.lv\/lv\/wp-json\/wp\/v2\/comments?post=7946"}],"version-history":[{"count":0,"href":"https:\/\/menessdiena.lv\/lv\/wp-json\/wp\/v2\/pages\/7946\/revisions"}],"wp:attachment":[{"href":"https:\/\/menessdiena.lv\/lv\/wp-json\/wp\/v2\/media?parent=7946"}],"curies":[{"name":"wp","href":"https:\/\/api.w.org\/{rel}","templated":true}]}}