{"id":4179,"date":"2016-08-28T18:28:21","date_gmt":"2016-08-28T18:28:21","guid":{"rendered":"http:\/\/menessdiena.lv\/lv\/?page_id=4179"},"modified":"2024-04-10T18:58:12","modified_gmt":"2024-04-10T15:58:12","slug":"sodien-no-rigas-izlido","status":"publish","type":"page","link":"https:\/\/menessdiena.lv\/lv\/starptautiska-lidosta-riga\/sodien-no-rigas-izlido\/","title":{"rendered":"\u0160odien lidost\u0101 &#8220;R\u012bga&#8221; izlido"},"content":{"rendered":"","protected":false},"excerpt":{"rendered":"","protected":false},"author":1,"featured_media":24260,"parent":4177,"menu_order":0,"comment_status":"closed","ping_status":"closed","template":"","meta":{"footnotes":""},"class_list":["post-4179","page","type-page","status-publish","has-post-thumbnail","hentry"],"_links":{"self":[{"href":"https:\/\/menessdiena.lv\/lv\/wp-json\/wp\/v2\/pages\/4179","targetHints":{"allow":["GET"]}}],"collection":[{"href":"https:\/\/menessdiena.lv\/lv\/wp-json\/wp\/v2\/pages"}],"about":[{"href":"https:\/\/menessdiena.lv\/lv\/wp-json\/wp\/v2\/types\/page"}],"author":[{"embeddable":true,"href":"https:\/\/menessdiena.lv\/lv\/wp-json\/wp\/v2\/users\/1"}],"replies":[{"embeddable":true,"href":"https:\/\/menessdiena.lv\/lv\/wp-json\/wp\/v2\/comments?post=4179"}],"version-history":[{"count":0,"href":"https:\/\/menessdiena.lv\/lv\/wp-json\/wp\/v2\/pages\/4179\/revisions"}],"up":[{"embeddable":true,"href":"https:\/\/menessdiena.lv\/lv\/wp-json\/wp\/v2\/pages\/4177"}],"wp:featuredmedia":[{"embeddable":true,"href":"https:\/\/menessdiena.lv\/lv\/wp-json\/wp\/v2\/media\/24260"}],"wp:attachment":[{"href":"https:\/\/menessdiena.lv\/lv\/wp-json\/wp\/v2\/media?parent=4179"}],"curies":[{"name":"wp","href":"https:\/\/api.w.org\/{rel}","templated":true}]}}