{"id":23506,"date":"2024-02-06T11:02:47","date_gmt":"2024-02-06T08:02:47","guid":{"rendered":"https:\/\/menessdiena.lv\/lv\/?page_id=23506"},"modified":"2024-03-25T09:39:48","modified_gmt":"2024-03-25T06:39:48","slug":"airbaltic-check-in","status":"publish","type":"page","link":"https:\/\/menessdiena.lv\/lv\/airbaltic-check-in\/","title":{"rendered":"Re\u0123istr\u0113jies \/ CHECK-IN airBaltic lidojumam"},"content":{"rendered":"<div class=\"container-fluid \">\n<div class=\"ddl-full-width-row row \">\n<div class=\"col-sm-6 col-sm-offset-3\"> Re\u0123istr\u0113jies lidojumam vai, ja esi to jau paveicis &#8211; lejupiel\u0101d\u0113 savu iek\u0101p\u0161anas karti. <\/div>\n<\/p><\/div>\n<\/p><\/div>\n<div class=\"container \">\n<div class=\"row extras-background-blue \">\n<div class=\"col-sm-6 col-sm-offset-3\"><form method=\"get\" action=\"https:\/\/book.airbaltic.com\/lv\/checkin\/upsell?action2=upsell&#038;l=lv\" target=\"_blank\">\n<div class=\"col-xs-12 col-md-6\"> <label for=\"ck_lastname\">Uzv\u0101rds<\/label> <input type=\"text\" name=\"ck_lastname\" id=\"ck_lastname\" placeholder=\"Piem\u0113ram, BERZINS\" value=\"\"\/> <\/div>\n<div class=\"col-xs-12 col-md-6\"> <label for=\"ck_pnr\">Rezerv\u0101cijas numurs<\/label> <input type=\"text\" name=\"ck_pnr\" id=\"ck_pnr\" maxlength=\"14\" placeholder=\"Piem\u0113ram, 2A2B3C\" value=\"\"\/> <\/div>\n<div class=\"col-xs-12 col-md-12\"> <input type=\"submit\" value=\"Re\u0123istr\u0113ties airBaltic lidojumam\" class=\"submitbt\" \/> <\/div>\n<\/p><\/form>\n<\/div>\n<\/p><\/div>\n<\/p><\/div>\n","protected":false},"excerpt":{"rendered":"<p>Re\u0123istr\u0113jies lidojumam vai, ja esi to jau paveicis &#8211; lejupiel\u0101d\u0113 savu iek\u0101p\u0161anas karti.<\/p>\n","protected":false},"author":101,"featured_media":24260,"parent":0,"menu_order":0,"comment_status":"closed","ping_status":"closed","template":"","meta":{"footnotes":""},"class_list":["post-23506","page","type-page","status-publish","has-post-thumbnail","hentry"],"_links":{"self":[{"href":"https:\/\/menessdiena.lv\/lv\/wp-json\/wp\/v2\/pages\/23506","targetHints":{"allow":["GET"]}}],"collection":[{"href":"https:\/\/menessdiena.lv\/lv\/wp-json\/wp\/v2\/pages"}],"about":[{"href":"https:\/\/menessdiena.lv\/lv\/wp-json\/wp\/v2\/types\/page"}],"author":[{"embeddable":true,"href":"https:\/\/menessdiena.lv\/lv\/wp-json\/wp\/v2\/users\/101"}],"replies":[{"embeddable":true,"href":"https:\/\/menessdiena.lv\/lv\/wp-json\/wp\/v2\/comments?post=23506"}],"version-history":[{"count":0,"href":"https:\/\/menessdiena.lv\/lv\/wp-json\/wp\/v2\/pages\/23506\/revisions"}],"wp:featuredmedia":[{"embeddable":true,"href":"https:\/\/menessdiena.lv\/lv\/wp-json\/wp\/v2\/media\/24260"}],"wp:attachment":[{"href":"https:\/\/menessdiena.lv\/lv\/wp-json\/wp\/v2\/media?parent=23506"}],"curies":[{"name":"wp","href":"https:\/\/api.w.org\/{rel}","templated":true}]}}