{"id":22046,"date":"2023-09-15T13:45:50","date_gmt":"2023-09-15T11:45:50","guid":{"rendered":"https:\/\/menessdiena.lv\/lv\/?page_id=22046"},"modified":"2026-01-14T23:34:10","modified_gmt":"2026-01-14T21:34:10","slug":"sodien-varda-svetkus-vardadienu-svin","status":"publish","type":"page","link":"https:\/\/menessdiena.lv\/lv\/sodien-varda-svetkus-vardadienu-svin\/","title":{"rendered":"\u0160odien v\u0101rda sv\u0113tkus svin!"},"content":{"rendered":"<h1>\u0160odien jubil\u0101ri: Hermanis, Vilm\u0101rs<\/h1>\n<h2>Galvenie gavi\u013cnieki virsrakst\u0101 ir no latvie\u0161u tradicion\u0101lo v\u0101rdadienu saraksta, ta\u010du past\u0101v ar\u012b papla\u0161in\u0101tais saraksts. Citi svinamie v\u0101rdi skat\u0101mi zem\u0101k!<\/h2>\n<h4 class=\"h4\" style=\"color: #666 !important;\">V\u0101rdadienu svin ar\u012b Ermanis, \u0112rmanis, Ermans, Ernando, Germans, Hermans, Hermunds un Vilmars.<\/h4>\n","protected":false},"excerpt":{"rendered":"<p>\u0160odien jubil\u0101ri: &#8220;] Galvenie gavi\u013cnieki virsrakst\u0101 ir no latvie\u0161u tradicion\u0101lo v\u0101rdadienu saraksta, ta\u010du past\u0101v ar\u012b papla\u0161in\u0101tais saraksts. Citi svinamie v\u0101rdi skat\u0101mi zem\u0101k! V\u0101rdadienu svin ar\u012b .<\/p>\n","protected":false},"author":101,"featured_media":17002,"parent":0,"menu_order":0,"comment_status":"closed","ping_status":"closed","template":"","meta":{"footnotes":""},"class_list":["post-22046","page","type-page","status-publish","has-post-thumbnail","hentry"],"_links":{"self":[{"href":"https:\/\/menessdiena.lv\/lv\/wp-json\/wp\/v2\/pages\/22046","targetHints":{"allow":["GET"]}}],"collection":[{"href":"https:\/\/menessdiena.lv\/lv\/wp-json\/wp\/v2\/pages"}],"about":[{"href":"https:\/\/menessdiena.lv\/lv\/wp-json\/wp\/v2\/types\/page"}],"author":[{"embeddable":true,"href":"https:\/\/menessdiena.lv\/lv\/wp-json\/wp\/v2\/users\/101"}],"replies":[{"embeddable":true,"href":"https:\/\/menessdiena.lv\/lv\/wp-json\/wp\/v2\/comments?post=22046"}],"version-history":[{"count":0,"href":"https:\/\/menessdiena.lv\/lv\/wp-json\/wp\/v2\/pages\/22046\/revisions"}],"wp:featuredmedia":[{"embeddable":true,"href":"https:\/\/menessdiena.lv\/lv\/wp-json\/wp\/v2\/media\/17002"}],"wp:attachment":[{"href":"https:\/\/menessdiena.lv\/lv\/wp-json\/wp\/v2\/media?parent=22046"}],"curies":[{"name":"wp","href":"https:\/\/api.w.org\/{rel}","templated":true}]}}