{"id":2131,"date":"2015-08-23T15:42:29","date_gmt":"2015-08-23T15:42:29","guid":{"rendered":"http:\/\/menessdiena.lv\/md\/?page_id=2131"},"modified":"2024-09-06T16:02:45","modified_gmt":"2024-09-06T13:02:45","slug":"par-mums-un-meness-dienu","status":"publish","type":"page","link":"https:\/\/menessdiena.lv\/lv\/par-mums-un-meness-dienu\/","title":{"rendered":"Par mums"},"content":{"rendered":"<p>&nbsp;<\/p>\n<p>Katru ce\u013cojumu veidojam priek\u0161 sevis! Ar to ar\u012b viss izteikts &#8211; mekl\u0113jam lab\u0101k\u0101s naktsm\u0101jas, lab\u0101kos restor\u0101nus, degust\u0101ciju vietas, visu dar\u0101m k\u0101 priek\u0161\u00a0 sevis!<\/p>\n<p>Jo m\u0113s esam kaisl\u012bgi ce\u013cot\u0101ji, kam pat\u012bk baud\u012bt dz\u012bvi&#8230; M\u0113s to svinam katru dienu!<\/p>\n<p>M\u016bsu pieredze t\u016brism\u0101 ir vair\u0101k k\u0101 20 gadu garum\u0101, to varam pier\u0101d\u012bt ar saviem lieliskajiem ce\u013cojumiem. M\u0113s veidojam tikai t\u0101dus produktus, kas mums pa\u0161iem tuvu sirdij &#8211; operas, koncerti, \u0161opings, gard\u0113\u017eu t\u016bres, atp\u016bta un mazas pils\u0113tas, tuv\u0101k dabai!<\/p>\n<p>M\u0113s veidojam ce\u013cojumus, lai ir bez steigas un ar baudu!<\/p>\n<blockquote>\n<p style=\"text-align: justify;\">\u201eCE\u013bOJOT M\u0112S APG\u016aSTAM VAIR\u0100K K\u0100 JEBK\u0100D\u0100 CIT\u0100 VEID\u0100. DA\u017dREIZ DIENA PAVAD\u012aTA SVE\u0160UM\u0100 SNIEDZ VAIR\u0100K NEK\u0100 DESMIT GADU DZ\u012aVES M\u0100J\u0100.\u201d<\/p>\n<p style=\"text-align: right;\">Franss Tileo<\/p>\n<\/blockquote>\n","protected":false},"excerpt":{"rendered":"<p>&nbsp; Katru ce\u013cojumu veidojam priek\u0161 sevis! Ar to ar\u012b viss izteikts &#8211; mekl\u0113jam lab\u0101k\u0101s naktsm\u0101jas, lab\u0101kos restor\u0101nus, degust\u0101ciju vietas, visu dar\u0101m k\u0101 priek\u0161\u00a0 sevis! Jo m\u0113s esam kaisl\u012bgi ce\u013cot\u0101ji, kam pat\u012bk baud\u012bt dz\u012bvi&#8230; M\u0113s to svinam katru dienu! M\u016bsu pieredze t\u016brism\u0101 ir vair\u0101k k\u0101 20 gadu garum\u0101, to varam pier\u0101d\u012bt ar saviem lieliskajiem ce\u013cojumiem. M\u0113s [&hellip;]<\/p>\n","protected":false},"author":1,"featured_media":2133,"parent":0,"menu_order":0,"comment_status":"closed","ping_status":"closed","template":"","meta":{"footnotes":""},"class_list":["post-2131","page","type-page","status-publish","has-post-thumbnail","hentry"],"_links":{"self":[{"href":"https:\/\/menessdiena.lv\/lv\/wp-json\/wp\/v2\/pages\/2131","targetHints":{"allow":["GET"]}}],"collection":[{"href":"https:\/\/menessdiena.lv\/lv\/wp-json\/wp\/v2\/pages"}],"about":[{"href":"https:\/\/menessdiena.lv\/lv\/wp-json\/wp\/v2\/types\/page"}],"author":[{"embeddable":true,"href":"https:\/\/menessdiena.lv\/lv\/wp-json\/wp\/v2\/users\/1"}],"replies":[{"embeddable":true,"href":"https:\/\/menessdiena.lv\/lv\/wp-json\/wp\/v2\/comments?post=2131"}],"version-history":[{"count":0,"href":"https:\/\/menessdiena.lv\/lv\/wp-json\/wp\/v2\/pages\/2131\/revisions"}],"wp:featuredmedia":[{"embeddable":true,"href":"https:\/\/menessdiena.lv\/lv\/wp-json\/wp\/v2\/media\/2133"}],"wp:attachment":[{"href":"https:\/\/menessdiena.lv\/lv\/wp-json\/wp\/v2\/media?parent=2131"}],"curies":[{"name":"wp","href":"https:\/\/api.w.org\/{rel}","templated":true}]}}